{"id":53,"date":"2025-08-12T11:57:29","date_gmt":"2025-08-12T11:57:29","guid":{"rendered":"https:\/\/propela.me\/?page_id=53"},"modified":"2025-09-04T09:14:26","modified_gmt":"2025-09-04T09:14:26","slug":"o-nama","status":"publish","type":"page","link":"https:\/\/propela.me\/en\/o-nama\/","title":{"rendered":"O nama"},"content":{"rendered":"<p>Propela je tim iz Herceg Novog i Boke kotorske koji okuplja ljude \u010diji su kvalitet, odgovornost i profesionalnost ve\u0107 dokazani u saradnji sa brojnim klijentima.<\/p>\n\n\n\n<p>Spoj iskustva, kreativnosti i savremenih alata \u010dini nas pouzdanim partnerom za sve koji \u017eele da njihov doga\u0111aj dobije pa\u017enju i prepoznatljivost u javnosti.<\/p>\n\n\n\n<p>U skladu sa va\u0161im potrebama, nudimo:<\/p>\n\n\n\n<ul class=\"wp-block-list\">\n<li>profesionalnu foto i video produkciju,<\/li>\n\n\n\n<li>snimanje i fotografisanje dronom,<\/li>\n\n\n\n<li>kreiranje promotivnih spotova i reklamnih materijala,<\/li>\n\n\n\n<li>osmi\u0161ljavanje i izradu sadr\u017eaja za dru\u0161tvene mre\u017ee,<\/li>\n\n\n\n<li>PR pakete (tekst\/foto\/video),<\/li>\n\n\n\n<li>distribuciju materijala medijima na preuzimanje.<\/li>\n<\/ul>\n\n\n\n<p>Propela \u2013 jer pokre\u0107emo va\u0161u pri\u010du.<\/p>","protected":false},"excerpt":{"rendered":"<p>Propela je tim iz Herceg Novog i Boke kotorske koji okuplja ljude \u010diji su kvalitet, odgovornost i profesionalnost ve\u0107 dokazani u saradnji sa brojnim klijentima. Spoj iskustva, kreativnosti i savremenih alata \u010dini nas pouzdanim partnerom za sve koji \u017eele da njihov doga\u0111aj dobije pa\u017enju i prepoznatljivost u javnosti. U skladu sa va\u0161im potrebama, nudimo: Propela&#8230;<\/p>","protected":false},"author":1,"featured_media":0,"parent":0,"menu_order":0,"comment_status":"closed","ping_status":"closed","template":"","meta":{"ub_ctt_via":"","footnotes":""},"class_list":["post-53","page","type-page","status-publish","hentry"],"featured_image_src":null,"yoast_head":"<!-- This site is optimized with the Yoast SEO plugin v25.6 - https:\/\/yoast.com\/wordpress\/plugins\/seo\/ -->\n<title>O nama - Propela Media Portal<\/title>\n<meta name=\"robots\" content=\"index, follow, max-snippet:-1, max-image-preview:large, max-video-preview:-1\" \/>\n<link rel=\"canonical\" href=\"https:\/\/propela.me\/en\/o-nama\/\" \/>\n<meta property=\"og:locale\" content=\"en_US\" \/>\n<meta property=\"og:type\" content=\"article\" \/>\n<meta property=\"og:title\" content=\"O nama - Propela Media Portal\" \/>\n<meta property=\"og:description\" content=\"Propela je tim iz Herceg Novog i Boke kotorske koji okuplja ljude \u010diji su kvalitet, odgovornost i profesionalnost ve\u0107 dokazani u saradnji sa brojnim klijentima. Spoj iskustva, kreativnosti i savremenih alata \u010dini nas pouzdanim partnerom za sve koji \u017eele da njihov doga\u0111aj dobije pa\u017enju i prepoznatljivost u javnosti. U skladu sa va\u0161im potrebama, nudimo: Propela...\" \/>\n<meta property=\"og:url\" content=\"https:\/\/propela.me\/en\/o-nama\/\" \/>\n<meta property=\"og:site_name\" content=\"Propela Media Portal\" \/>\n<meta property=\"article:publisher\" content=\"https:\/\/www.facebook.com\/profile.php?id=100088240038301\" \/>\n<meta property=\"article:modified_time\" content=\"2025-09-04T09:14:26+00:00\" \/>\n<meta name=\"twitter:card\" content=\"summary_large_image\" \/>\n<meta name=\"twitter:label1\" content=\"Est. reading time\" \/>\n\t<meta name=\"twitter:data1\" content=\"1 minute\" \/>\n<script type=\"application\/ld+json\" class=\"yoast-schema-graph\">{\"@context\":\"https:\/\/schema.org\",\"@graph\":[{\"@type\":\"WebPage\",\"@id\":\"https:\/\/propela.me\/o-nama\/\",\"url\":\"https:\/\/propela.me\/o-nama\/\",\"name\":\"O nama - Propela Media Portal\",\"isPartOf\":{\"@id\":\"https:\/\/propela.me\/#website\"},\"datePublished\":\"2025-08-12T11:57:29+00:00\",\"dateModified\":\"2025-09-04T09:14:26+00:00\",\"breadcrumb\":{\"@id\":\"https:\/\/propela.me\/o-nama\/#breadcrumb\"},\"inLanguage\":\"en-US\",\"potentialAction\":[{\"@type\":\"ReadAction\",\"target\":[\"https:\/\/propela.me\/o-nama\/\"]}]},{\"@type\":\"BreadcrumbList\",\"@id\":\"https:\/\/propela.me\/o-nama\/#breadcrumb\",\"itemListElement\":[{\"@type\":\"ListItem\",\"position\":1,\"name\":\"Home\",\"item\":\"https:\/\/propela.me\/\"},{\"@type\":\"ListItem\",\"position\":2,\"name\":\"O nama\"}]},{\"@type\":\"WebSite\",\"@id\":\"https:\/\/propela.me\/#website\",\"url\":\"https:\/\/propela.me\/\",\"name\":\"Propela Media Portal\",\"description\":\"\",\"publisher\":{\"@id\":\"https:\/\/propela.me\/#organization\"},\"potentialAction\":[{\"@type\":\"SearchAction\",\"target\":{\"@type\":\"EntryPoint\",\"urlTemplate\":\"https:\/\/propela.me\/?s={search_term_string}\"},\"query-input\":{\"@type\":\"PropertyValueSpecification\",\"valueRequired\":true,\"valueName\":\"search_term_string\"}}],\"inLanguage\":\"en-US\"},{\"@type\":\"Organization\",\"@id\":\"https:\/\/propela.me\/#organization\",\"name\":\"Propela Media Portal\",\"url\":\"https:\/\/propela.me\/\",\"logo\":{\"@type\":\"ImageObject\",\"inLanguage\":\"en-US\",\"@id\":\"https:\/\/propela.me\/#\/schema\/logo\/image\/\",\"url\":\"https:\/\/propela.me\/wp-content\/uploads\/2025\/08\/cropped-cropped-Asset-11.png\",\"contentUrl\":\"https:\/\/propela.me\/wp-content\/uploads\/2025\/08\/cropped-cropped-Asset-11.png\",\"width\":592,\"height\":196,\"caption\":\"Propela Media Portal\"},\"image\":{\"@id\":\"https:\/\/propela.me\/#\/schema\/logo\/image\/\"},\"sameAs\":[\"https:\/\/www.facebook.com\/profile.php?id=100088240038301\",\"https:\/\/www.instagram.com\/propela_media\/\"]}]}<\/script>\n<!-- \/ Yoast SEO plugin. -->","yoast_head_json":{"title":"O nama - Propela Media Portal","robots":{"index":"index","follow":"follow","max-snippet":"max-snippet:-1","max-image-preview":"max-image-preview:large","max-video-preview":"max-video-preview:-1"},"canonical":"https:\/\/propela.me\/en\/o-nama\/","og_locale":"en_US","og_type":"article","og_title":"O nama - Propela Media Portal","og_description":"Propela je tim iz Herceg Novog i Boke kotorske koji okuplja ljude \u010diji su kvalitet, odgovornost i profesionalnost ve\u0107 dokazani u saradnji sa brojnim klijentima. Spoj iskustva, kreativnosti i savremenih alata \u010dini nas pouzdanim partnerom za sve koji \u017eele da njihov doga\u0111aj dobije pa\u017enju i prepoznatljivost u javnosti. U skladu sa va\u0161im potrebama, nudimo: Propela...","og_url":"https:\/\/propela.me\/en\/o-nama\/","og_site_name":"Propela Media Portal","article_publisher":"https:\/\/www.facebook.com\/profile.php?id=100088240038301","article_modified_time":"2025-09-04T09:14:26+00:00","twitter_card":"summary_large_image","twitter_misc":{"Est. reading time":"1 minute"},"schema":{"@context":"https:\/\/schema.org","@graph":[{"@type":"WebPage","@id":"https:\/\/propela.me\/o-nama\/","url":"https:\/\/propela.me\/o-nama\/","name":"O nama - Propela Media Portal","isPartOf":{"@id":"https:\/\/propela.me\/#website"},"datePublished":"2025-08-12T11:57:29+00:00","dateModified":"2025-09-04T09:14:26+00:00","breadcrumb":{"@id":"https:\/\/propela.me\/o-nama\/#breadcrumb"},"inLanguage":"en-US","potentialAction":[{"@type":"ReadAction","target":["https:\/\/propela.me\/o-nama\/"]}]},{"@type":"BreadcrumbList","@id":"https:\/\/propela.me\/o-nama\/#breadcrumb","itemListElement":[{"@type":"ListItem","position":1,"name":"Home","item":"https:\/\/propela.me\/"},{"@type":"ListItem","position":2,"name":"O nama"}]},{"@type":"WebSite","@id":"https:\/\/propela.me\/#website","url":"https:\/\/propela.me\/","name":"Propela Media Portal","description":"","publisher":{"@id":"https:\/\/propela.me\/#organization"},"potentialAction":[{"@type":"SearchAction","target":{"@type":"EntryPoint","urlTemplate":"https:\/\/propela.me\/?s={search_term_string}"},"query-input":{"@type":"PropertyValueSpecification","valueRequired":true,"valueName":"search_term_string"}}],"inLanguage":"en-US"},{"@type":"Organization","@id":"https:\/\/propela.me\/#organization","name":"Propela Media Portal","url":"https:\/\/propela.me\/","logo":{"@type":"ImageObject","inLanguage":"en-US","@id":"https:\/\/propela.me\/#\/schema\/logo\/image\/","url":"https:\/\/propela.me\/wp-content\/uploads\/2025\/08\/cropped-cropped-Asset-11.png","contentUrl":"https:\/\/propela.me\/wp-content\/uploads\/2025\/08\/cropped-cropped-Asset-11.png","width":592,"height":196,"caption":"Propela Media Portal"},"image":{"@id":"https:\/\/propela.me\/#\/schema\/logo\/image\/"},"sameAs":["https:\/\/www.facebook.com\/profile.php?id=100088240038301","https:\/\/www.instagram.com\/propela_media\/"]}]}},"_links":{"self":[{"href":"https:\/\/propela.me\/en\/wp-json\/wp\/v2\/pages\/53","targetHints":{"allow":["GET"]}}],"collection":[{"href":"https:\/\/propela.me\/en\/wp-json\/wp\/v2\/pages"}],"about":[{"href":"https:\/\/propela.me\/en\/wp-json\/wp\/v2\/types\/page"}],"author":[{"embeddable":true,"href":"https:\/\/propela.me\/en\/wp-json\/wp\/v2\/users\/1"}],"replies":[{"embeddable":true,"href":"https:\/\/propela.me\/en\/wp-json\/wp\/v2\/comments?post=53"}],"version-history":[{"count":2,"href":"https:\/\/propela.me\/en\/wp-json\/wp\/v2\/pages\/53\/revisions"}],"predecessor-version":[{"id":381,"href":"https:\/\/propela.me\/en\/wp-json\/wp\/v2\/pages\/53\/revisions\/381"}],"wp:attachment":[{"href":"https:\/\/propela.me\/en\/wp-json\/wp\/v2\/media?parent=53"}],"curies":[{"name":"wp","href":"https:\/\/api.w.org\/{rel}","templated":true}]}}